
{"id":4,"date":"2012-04-30T12:38:57","date_gmt":"2012-04-30T12:38:57","guid":{"rendered":"http:\/\/www.coachrelax.fr\/blog\/?page_id=4"},"modified":"2023-01-31T09:46:51","modified_gmt":"2023-01-31T08:46:51","slug":"contact","status":"publish","type":"page","link":"https:\/\/www.coachrelax.fr\/blog\/contact\/","title":{"rendered":"CONTACT"},"content":{"rendered":"<p>Vous en saurez plus sur mon parcours en lisant ma pr\u00e9sentation sur le site associ\u00e9 au blog:<br \/>\n<a href=\"http:\/\/www.coachrelax.fr\/accueil\/equipe-coach-relax\" target=\"_blank\" rel=\"noopener\">LIEN Profil H\u00e9l\u00e8ne<\/a><\/p>\n<p><strong>Pour me contacter, remplissez simplement le formulaire ci-dessous<\/strong><\/p>\n\n<div class=\"wpcf7 no-js\" id=\"wpcf7-f4138-o1\" lang=\"fr-FR\" dir=\"ltr\" data-wpcf7-id=\"4138\">\n<div class=\"screen-reader-response\"><p role=\"status\" aria-live=\"polite\" aria-atomic=\"true\"><\/p> <ul><\/ul><\/div>\n<form action=\"\/blog\/wp-json\/wp\/v2\/pages\/4#wpcf7-f4138-o1\" method=\"post\" class=\"wpcf7-form init\" aria-label=\"Formulaire de contact\" novalidate=\"novalidate\" data-status=\"init\">\n<fieldset class=\"hidden-fields-container\"><input type=\"hidden\" name=\"_wpcf7\" value=\"4138\" \/><input type=\"hidden\" name=\"_wpcf7_version\" value=\"6.1.5\" \/><input type=\"hidden\" name=\"_wpcf7_locale\" value=\"fr_FR\" \/><input type=\"hidden\" name=\"_wpcf7_unit_tag\" value=\"wpcf7-f4138-o1\" \/><input type=\"hidden\" name=\"_wpcf7_container_post\" value=\"0\" \/><input type=\"hidden\" name=\"_wpcf7_posted_data_hash\" value=\"\" \/><input type=\"hidden\" name=\"_wpcf7_recaptcha_response\" value=\"\" \/>\n<\/fieldset>\n<p><label> Votre nom<br \/>\n<span class=\"wpcf7-form-control-wrap\" data-name=\"your-name\"><input size=\"40\" maxlength=\"400\" class=\"wpcf7-form-control wpcf7-text wpcf7-validates-as-required\" autocomplete=\"name\" aria-required=\"true\" aria-invalid=\"false\" value=\"\" type=\"text\" name=\"your-name\" \/><\/span> <\/label>\n<\/p>\n<p><label> Votre e-mail<br \/>\n<span class=\"wpcf7-form-control-wrap\" data-name=\"your-email\"><input size=\"40\" maxlength=\"400\" class=\"wpcf7-form-control wpcf7-email wpcf7-validates-as-required wpcf7-text wpcf7-validates-as-email\" autocomplete=\"email\" aria-required=\"true\" aria-invalid=\"false\" value=\"\" type=\"email\" name=\"your-email\" \/><\/span> <\/label>\n<\/p>\n<p><label> Objet<br \/>\n<span class=\"wpcf7-form-control-wrap\" data-name=\"your-subject\"><input size=\"40\" maxlength=\"400\" class=\"wpcf7-form-control wpcf7-text wpcf7-validates-as-required\" aria-required=\"true\" aria-invalid=\"false\" value=\"\" type=\"text\" name=\"your-subject\" \/><\/span> <\/label>\n<\/p>\n<p><label> Votre message (facultatif)<br \/>\n<span class=\"wpcf7-form-control-wrap\" data-name=\"your-message\"><textarea cols=\"40\" rows=\"10\" maxlength=\"2000\" class=\"wpcf7-form-control wpcf7-textarea\" aria-invalid=\"false\" name=\"your-message\"><\/textarea><\/span> <\/label>\n<\/p>\n<p><input class=\"wpcf7-form-control wpcf7-submit has-spinner\" type=\"submit\" value=\"Envoyer\" \/>\n<\/p><p style=\"display: none !important;\" class=\"akismet-fields-container\" data-prefix=\"_wpcf7_ak_\"><label>&#916;<textarea name=\"_wpcf7_ak_hp_textarea\" cols=\"45\" rows=\"8\" maxlength=\"100\"><\/textarea><\/label><input type=\"hidden\" id=\"ak_js_1\" name=\"_wpcf7_ak_js\" value=\"110\"\/><script type=\"text\/javascript\">\n\/* <![CDATA[ *\/\ndocument.getElementById( \"ak_js_1\" ).setAttribute( \"value\", ( new Date() ).getTime() );\n\/* ]]> *\/\n<\/script>\n<\/p><div class=\"wpcf7-response-output\" aria-hidden=\"true\"><\/div>\n<\/form>\n<\/div>\n\n","protected":false},"excerpt":{"rendered":"<p>Vous en saurez plus sur mon parcours en lisant ma pr\u00e9sentation sur le site associ\u00e9 au blog: LIEN Profil H\u00e9l\u00e8ne Pour me contacter, remplissez simplement le formulaire ci-dessous<\/p>\n","protected":false},"author":1,"featured_media":0,"parent":0,"menu_order":17,"comment_status":"open","ping_status":"open","template":"","meta":{"footnotes":""},"class_list":["post-4","page","type-page","status-publish","hentry"],"yoast_head":"<!-- This site is optimized with the Yoast SEO plugin v27.5 - https:\/\/yoast.com\/product\/yoast-seo-wordpress\/ -->\n<title>CONTACT - COACH RELAX, le BLOG<\/title>\n<meta name=\"robots\" content=\"index, follow, max-snippet:-1, max-image-preview:large, max-video-preview:-1\" \/>\n<link rel=\"canonical\" href=\"https:\/\/www.coachrelax.fr\/blog\/contact\/\" \/>\n<meta property=\"og:locale\" content=\"fr_FR\" \/>\n<meta property=\"og:type\" content=\"article\" \/>\n<meta property=\"og:title\" content=\"CONTACT - COACH RELAX, le BLOG\" \/>\n<meta property=\"og:description\" content=\"Vous en saurez plus sur mon parcours en lisant ma pr\u00e9sentation sur le site associ\u00e9 au blog: LIEN Profil H\u00e9l\u00e8ne Pour me contacter, remplissez simplement le formulaire ci-dessous\" \/>\n<meta property=\"og:url\" content=\"https:\/\/www.coachrelax.fr\/blog\/contact\/\" \/>\n<meta property=\"og:site_name\" content=\"COACH RELAX, le BLOG\" \/>\n<meta property=\"article:publisher\" content=\"https:\/\/www.facebook.com\/CoachRelax.fr\/\" \/>\n<meta property=\"article:modified_time\" content=\"2023-01-31T08:46:51+00:00\" \/>\n<meta name=\"twitter:card\" content=\"summary_large_image\" \/>\n<meta name=\"twitter:site\" content=\"@coachrelax\" \/>\n<meta name=\"twitter:label1\" content=\"Dur\u00e9e de lecture estim\u00e9e\" \/>\n\t<meta name=\"twitter:data1\" content=\"1 minute\" \/>\n<script type=\"application\/ld+json\" class=\"yoast-schema-graph\">{\"@context\":\"https:\\\/\\\/schema.org\",\"@graph\":[{\"@type\":\"WebPage\",\"@id\":\"https:\\\/\\\/www.coachrelax.fr\\\/blog\\\/contact\\\/\",\"url\":\"https:\\\/\\\/www.coachrelax.fr\\\/blog\\\/contact\\\/\",\"name\":\"CONTACT - COACH RELAX, le BLOG\",\"isPartOf\":{\"@id\":\"https:\\\/\\\/www.coachrelax.fr\\\/blog\\\/#website\"},\"datePublished\":\"2012-04-30T12:38:57+00:00\",\"dateModified\":\"2023-01-31T08:46:51+00:00\",\"breadcrumb\":{\"@id\":\"https:\\\/\\\/www.coachrelax.fr\\\/blog\\\/contact\\\/#breadcrumb\"},\"inLanguage\":\"fr-FR\",\"potentialAction\":[{\"@type\":\"ReadAction\",\"target\":[\"https:\\\/\\\/www.coachrelax.fr\\\/blog\\\/contact\\\/\"]}]},{\"@type\":\"BreadcrumbList\",\"@id\":\"https:\\\/\\\/www.coachrelax.fr\\\/blog\\\/contact\\\/#breadcrumb\",\"itemListElement\":[{\"@type\":\"ListItem\",\"position\":1,\"name\":\"Accueil\",\"item\":\"https:\\\/\\\/www.coachrelax.fr\\\/blog\\\/\"},{\"@type\":\"ListItem\",\"position\":2,\"name\":\"CONTACT\"}]},{\"@type\":\"WebSite\",\"@id\":\"https:\\\/\\\/www.coachrelax.fr\\\/blog\\\/#website\",\"url\":\"https:\\\/\\\/www.coachrelax.fr\\\/blog\\\/\",\"name\":\"COACH RELAX, le BLOG\",\"description\":\"\",\"publisher\":{\"@id\":\"https:\\\/\\\/www.coachrelax.fr\\\/blog\\\/#organization\"},\"potentialAction\":[{\"@type\":\"SearchAction\",\"target\":{\"@type\":\"EntryPoint\",\"urlTemplate\":\"https:\\\/\\\/www.coachrelax.fr\\\/blog\\\/?s={search_term_string}\"},\"query-input\":{\"@type\":\"PropertyValueSpecification\",\"valueRequired\":true,\"valueName\":\"search_term_string\"}}],\"inLanguage\":\"fr-FR\"},{\"@type\":\"Organization\",\"@id\":\"https:\\\/\\\/www.coachrelax.fr\\\/blog\\\/#organization\",\"name\":\"Coach Relax\",\"url\":\"https:\\\/\\\/www.coachrelax.fr\\\/blog\\\/\",\"logo\":{\"@type\":\"ImageObject\",\"inLanguage\":\"fr-FR\",\"@id\":\"https:\\\/\\\/www.coachrelax.fr\\\/blog\\\/#\\\/schema\\\/logo\\\/image\\\/\",\"url\":\"http:\\\/\\\/www.coachrelax.fr\\\/blog\\\/wp-content\\\/uploads\\\/2016\\\/03\\\/cropped-Logo-bleu-clair-reduit.jpg\",\"contentUrl\":\"http:\\\/\\\/www.coachrelax.fr\\\/blog\\\/wp-content\\\/uploads\\\/2016\\\/03\\\/cropped-Logo-bleu-clair-reduit.jpg\",\"width\":512,\"height\":512,\"caption\":\"Coach Relax\"},\"image\":{\"@id\":\"https:\\\/\\\/www.coachrelax.fr\\\/blog\\\/#\\\/schema\\\/logo\\\/image\\\/\"},\"sameAs\":[\"https:\\\/\\\/www.facebook.com\\\/CoachRelax.fr\\\/\",\"https:\\\/\\\/x.com\\\/coachrelax\",\"http:\\\/\\\/www.linkedin.com\\\/in\\\/coachrelax\",\"http:\\\/\\\/www.pinterest.com\\\/coachrelax\",\"http:\\\/\\\/www.youtube.com\\\/user\\\/CoachRelax\"]}]}<\/script>\n<!-- \/ Yoast SEO plugin. -->","yoast_head_json":{"title":"CONTACT - COACH RELAX, le BLOG","robots":{"index":"index","follow":"follow","max-snippet":"max-snippet:-1","max-image-preview":"max-image-preview:large","max-video-preview":"max-video-preview:-1"},"canonical":"https:\/\/www.coachrelax.fr\/blog\/contact\/","og_locale":"fr_FR","og_type":"article","og_title":"CONTACT - COACH RELAX, le BLOG","og_description":"Vous en saurez plus sur mon parcours en lisant ma pr\u00e9sentation sur le site associ\u00e9 au blog: LIEN Profil H\u00e9l\u00e8ne Pour me contacter, remplissez simplement le formulaire ci-dessous","og_url":"https:\/\/www.coachrelax.fr\/blog\/contact\/","og_site_name":"COACH RELAX, le BLOG","article_publisher":"https:\/\/www.facebook.com\/CoachRelax.fr\/","article_modified_time":"2023-01-31T08:46:51+00:00","twitter_card":"summary_large_image","twitter_site":"@coachrelax","twitter_misc":{"Dur\u00e9e de lecture estim\u00e9e":"1 minute"},"schema":{"@context":"https:\/\/schema.org","@graph":[{"@type":"WebPage","@id":"https:\/\/www.coachrelax.fr\/blog\/contact\/","url":"https:\/\/www.coachrelax.fr\/blog\/contact\/","name":"CONTACT - COACH RELAX, le BLOG","isPartOf":{"@id":"https:\/\/www.coachrelax.fr\/blog\/#website"},"datePublished":"2012-04-30T12:38:57+00:00","dateModified":"2023-01-31T08:46:51+00:00","breadcrumb":{"@id":"https:\/\/www.coachrelax.fr\/blog\/contact\/#breadcrumb"},"inLanguage":"fr-FR","potentialAction":[{"@type":"ReadAction","target":["https:\/\/www.coachrelax.fr\/blog\/contact\/"]}]},{"@type":"BreadcrumbList","@id":"https:\/\/www.coachrelax.fr\/blog\/contact\/#breadcrumb","itemListElement":[{"@type":"ListItem","position":1,"name":"Accueil","item":"https:\/\/www.coachrelax.fr\/blog\/"},{"@type":"ListItem","position":2,"name":"CONTACT"}]},{"@type":"WebSite","@id":"https:\/\/www.coachrelax.fr\/blog\/#website","url":"https:\/\/www.coachrelax.fr\/blog\/","name":"COACH RELAX, le BLOG","description":"","publisher":{"@id":"https:\/\/www.coachrelax.fr\/blog\/#organization"},"potentialAction":[{"@type":"SearchAction","target":{"@type":"EntryPoint","urlTemplate":"https:\/\/www.coachrelax.fr\/blog\/?s={search_term_string}"},"query-input":{"@type":"PropertyValueSpecification","valueRequired":true,"valueName":"search_term_string"}}],"inLanguage":"fr-FR"},{"@type":"Organization","@id":"https:\/\/www.coachrelax.fr\/blog\/#organization","name":"Coach Relax","url":"https:\/\/www.coachrelax.fr\/blog\/","logo":{"@type":"ImageObject","inLanguage":"fr-FR","@id":"https:\/\/www.coachrelax.fr\/blog\/#\/schema\/logo\/image\/","url":"http:\/\/www.coachrelax.fr\/blog\/wp-content\/uploads\/2016\/03\/cropped-Logo-bleu-clair-reduit.jpg","contentUrl":"http:\/\/www.coachrelax.fr\/blog\/wp-content\/uploads\/2016\/03\/cropped-Logo-bleu-clair-reduit.jpg","width":512,"height":512,"caption":"Coach Relax"},"image":{"@id":"https:\/\/www.coachrelax.fr\/blog\/#\/schema\/logo\/image\/"},"sameAs":["https:\/\/www.facebook.com\/CoachRelax.fr\/","https:\/\/x.com\/coachrelax","http:\/\/www.linkedin.com\/in\/coachrelax","http:\/\/www.pinterest.com\/coachrelax","http:\/\/www.youtube.com\/user\/CoachRelax"]}]}},"_links":{"self":[{"href":"https:\/\/www.coachrelax.fr\/blog\/wp-json\/wp\/v2\/pages\/4","targetHints":{"allow":["GET"]}}],"collection":[{"href":"https:\/\/www.coachrelax.fr\/blog\/wp-json\/wp\/v2\/pages"}],"about":[{"href":"https:\/\/www.coachrelax.fr\/blog\/wp-json\/wp\/v2\/types\/page"}],"author":[{"embeddable":true,"href":"https:\/\/www.coachrelax.fr\/blog\/wp-json\/wp\/v2\/users\/1"}],"replies":[{"embeddable":true,"href":"https:\/\/www.coachrelax.fr\/blog\/wp-json\/wp\/v2\/comments?post=4"}],"version-history":[{"count":4,"href":"https:\/\/www.coachrelax.fr\/blog\/wp-json\/wp\/v2\/pages\/4\/revisions"}],"predecessor-version":[{"id":4139,"href":"https:\/\/www.coachrelax.fr\/blog\/wp-json\/wp\/v2\/pages\/4\/revisions\/4139"}],"wp:attachment":[{"href":"https:\/\/www.coachrelax.fr\/blog\/wp-json\/wp\/v2\/media?parent=4"}],"curies":[{"name":"wp","href":"https:\/\/api.w.org\/{rel}","templated":true}]}}