
{"id":102,"date":"2012-06-20T06:57:57","date_gmt":"2012-06-20T06:57:57","guid":{"rendered":"http:\/\/www.coachrelax.fr\/blog\/?page_id=102"},"modified":"2023-11-03T18:03:57","modified_gmt":"2023-11-03T17:03:57","slug":"votre-inscription-sur-le-blog","status":"publish","type":"page","link":"https:\/\/www.coachrelax.fr\/blog\/votre-inscription-sur-le-blog\/","title":{"rendered":"Inscription Newsletter"},"content":{"rendered":"<section class=\"wpb-content-wrapper\"><p>[vc_row][vc_column width=&#8221;2\/3&#8243;][vc_column_text]Rassurez-vous, vous ne serez pas submerg\u00e9 par nos emails: 1 \u00e0 2 mail par mois, pas plus!<\/p>\n<p>Vous recevrez les nouveaux articles, les actualit\u00e9s, des informations concernant les formations, stages, les dates des ateliers gratuits.<\/p>\n<p>Vous aurez la possibilit\u00e9 de vous d\u00e9sinscrire \u00e0 tout moment, les r\u00e8gles RGPD sont respect\u00e9es avec vos donn\u00e9es qui restent dans notre base uniquement.<\/p>\n<p>Merci pour votre confiance[\/vc_column_text][vc_raw_html]JTNDaWZyYW1lJTIwd2lkdGglM0QlMjI1NDAlMjIlMjBoZWlnaHQlM0QlMjI2NTAlMjIlMjBzcmMlM0QlMjJodHRwcyUzQSUyRiUyRmQ5OTZlNjJiLnNpYmZvcm1zLmNvbSUyRnNlcnZlJTJGTVVJRkFBUzg5NEU2VlRwbnZwemg5VzQ5bGNSQlpNTVpYUEJJYUZhMmQyR3k2RFd4RjBHMmdqVm5yTXk4WVNkQnRBcGx5ME00ZlR3cXZxVGlTbExFLXhveWI5WTRfN3F4cU9wT3VQNDhiek5TaEYtS0xPdHFacEtxNWRPelV1Uzl6dnhOVDQtdDRBNXdpUndVNnBySmRIX00wbkpHS08tS0licjdOdmREY3d3ZlQyNjgwM2hJcUQ3dXFjc3NDUmFEVjdUcjREUWhsUXVSRFY5ayUyMiUyMGZyYW1lYm9yZGVyJTNEJTIyMCUyMiUyMHNjcm9sbGluZyUzRCUyMmF1dG8lMjIlMjBhbGxvd2Z1bGxzY3JlZW4lMjBzdHlsZSUzRCUyMmRpc3BsYXklM0ElMjBibG9jayUzQm1hcmdpbi1sZWZ0JTNBJTIwYXV0byUzQm1hcmdpbi1yaWdodCUzQSUyMGF1dG8lM0JtYXgtd2lkdGglM0ElMjAxMDAlMjUlM0IlMjIlM0UlM0MlMkZpZnJhbWUlM0U=[\/vc_raw_html][\/vc_column][vc_column width=&#8221;1\/3&#8243;][\/vc_column][\/vc_row]<\/p>\n<\/section>","protected":false},"excerpt":{"rendered":"<p>[vc_row][vc_column width=&#8221;2\/3&#8243;][vc_column_text]Rassurez-vous, vous ne serez pas submerg\u00e9 par nos emails: 1 \u00e0 2 mail par mois, pas plus! Vous recevrez les nouveaux articles, les actualit\u00e9s, des informations concernant les formations, stages, les dates des ateliers gratuits. Vous aurez la possibilit\u00e9 de vous d\u00e9sinscrire \u00e0 tout moment, les r\u00e8gles RGPD sont respect\u00e9es avec vos donn\u00e9es qui [&hellip;]<\/p>\n","protected":false},"author":1,"featured_media":0,"parent":0,"menu_order":71,"comment_status":"open","ping_status":"closed","template":"","meta":{"footnotes":""},"class_list":["post-102","page","type-page","status-publish","hentry"],"yoast_head":"<!-- This site is optimized with the Yoast SEO plugin v27.4 - https:\/\/yoast.com\/product\/yoast-seo-wordpress\/ -->\n<title>Newsletter Coach Relax<\/title>\n<meta name=\"description\" content=\"Newsletter Coach Relax : recevez les nouveaux articles du blog en priorit\u00e9 et toute l&#039;actualit\u00e9 des formations, ateliers, stages\" \/>\n<meta name=\"robots\" content=\"index, follow, max-snippet:-1, max-image-preview:large, max-video-preview:-1\" \/>\n<link rel=\"canonical\" href=\"https:\/\/www.coachrelax.fr\/blog\/votre-inscription-sur-le-blog\/\" \/>\n<meta property=\"og:locale\" content=\"fr_FR\" \/>\n<meta property=\"og:type\" content=\"article\" \/>\n<meta property=\"og:title\" content=\"Newsletter Coach Relax\" \/>\n<meta property=\"og:description\" content=\"Newsletter Coach Relax : recevez les nouveaux articles du blog en priorit\u00e9 et toute l&#039;actualit\u00e9 des formations, ateliers, stages\" \/>\n<meta property=\"og:url\" content=\"https:\/\/www.coachrelax.fr\/blog\/votre-inscription-sur-le-blog\/\" \/>\n<meta property=\"og:site_name\" content=\"COACH RELAX, le BLOG\" \/>\n<meta property=\"article:publisher\" content=\"https:\/\/www.facebook.com\/CoachRelax.fr\/\" \/>\n<meta property=\"article:modified_time\" content=\"2023-11-03T17:03:57+00:00\" \/>\n<meta name=\"twitter:card\" content=\"summary_large_image\" \/>\n<meta name=\"twitter:site\" content=\"@coachrelax\" \/>\n<meta name=\"twitter:label1\" content=\"Dur\u00e9e de lecture estim\u00e9e\" \/>\n\t<meta name=\"twitter:data1\" content=\"1 minute\" \/>\n<script type=\"application\/ld+json\" class=\"yoast-schema-graph\">{\"@context\":\"https:\\\/\\\/schema.org\",\"@graph\":[{\"@type\":\"WebPage\",\"@id\":\"https:\\\/\\\/www.coachrelax.fr\\\/blog\\\/votre-inscription-sur-le-blog\\\/\",\"url\":\"https:\\\/\\\/www.coachrelax.fr\\\/blog\\\/votre-inscription-sur-le-blog\\\/\",\"name\":\"Newsletter Coach Relax\",\"isPartOf\":{\"@id\":\"https:\\\/\\\/www.coachrelax.fr\\\/blog\\\/#website\"},\"datePublished\":\"2012-06-20T06:57:57+00:00\",\"dateModified\":\"2023-11-03T17:03:57+00:00\",\"description\":\"Newsletter Coach Relax : recevez les nouveaux articles du blog en priorit\u00e9 et toute l'actualit\u00e9 des formations, ateliers, stages\",\"breadcrumb\":{\"@id\":\"https:\\\/\\\/www.coachrelax.fr\\\/blog\\\/votre-inscription-sur-le-blog\\\/#breadcrumb\"},\"inLanguage\":\"fr-FR\",\"potentialAction\":[{\"@type\":\"ReadAction\",\"target\":[\"https:\\\/\\\/www.coachrelax.fr\\\/blog\\\/votre-inscription-sur-le-blog\\\/\"]}]},{\"@type\":\"BreadcrumbList\",\"@id\":\"https:\\\/\\\/www.coachrelax.fr\\\/blog\\\/votre-inscription-sur-le-blog\\\/#breadcrumb\",\"itemListElement\":[{\"@type\":\"ListItem\",\"position\":1,\"name\":\"Accueil\",\"item\":\"https:\\\/\\\/www.coachrelax.fr\\\/blog\\\/\"},{\"@type\":\"ListItem\",\"position\":2,\"name\":\"Inscription Newsletter\"}]},{\"@type\":\"WebSite\",\"@id\":\"https:\\\/\\\/www.coachrelax.fr\\\/blog\\\/#website\",\"url\":\"https:\\\/\\\/www.coachrelax.fr\\\/blog\\\/\",\"name\":\"COACH RELAX, le BLOG\",\"description\":\"\",\"publisher\":{\"@id\":\"https:\\\/\\\/www.coachrelax.fr\\\/blog\\\/#organization\"},\"potentialAction\":[{\"@type\":\"SearchAction\",\"target\":{\"@type\":\"EntryPoint\",\"urlTemplate\":\"https:\\\/\\\/www.coachrelax.fr\\\/blog\\\/?s={search_term_string}\"},\"query-input\":{\"@type\":\"PropertyValueSpecification\",\"valueRequired\":true,\"valueName\":\"search_term_string\"}}],\"inLanguage\":\"fr-FR\"},{\"@type\":\"Organization\",\"@id\":\"https:\\\/\\\/www.coachrelax.fr\\\/blog\\\/#organization\",\"name\":\"Coach Relax\",\"url\":\"https:\\\/\\\/www.coachrelax.fr\\\/blog\\\/\",\"logo\":{\"@type\":\"ImageObject\",\"inLanguage\":\"fr-FR\",\"@id\":\"https:\\\/\\\/www.coachrelax.fr\\\/blog\\\/#\\\/schema\\\/logo\\\/image\\\/\",\"url\":\"http:\\\/\\\/www.coachrelax.fr\\\/blog\\\/wp-content\\\/uploads\\\/2016\\\/03\\\/cropped-Logo-bleu-clair-reduit.jpg\",\"contentUrl\":\"http:\\\/\\\/www.coachrelax.fr\\\/blog\\\/wp-content\\\/uploads\\\/2016\\\/03\\\/cropped-Logo-bleu-clair-reduit.jpg\",\"width\":512,\"height\":512,\"caption\":\"Coach Relax\"},\"image\":{\"@id\":\"https:\\\/\\\/www.coachrelax.fr\\\/blog\\\/#\\\/schema\\\/logo\\\/image\\\/\"},\"sameAs\":[\"https:\\\/\\\/www.facebook.com\\\/CoachRelax.fr\\\/\",\"https:\\\/\\\/x.com\\\/coachrelax\",\"http:\\\/\\\/www.linkedin.com\\\/in\\\/coachrelax\",\"http:\\\/\\\/www.pinterest.com\\\/coachrelax\",\"http:\\\/\\\/www.youtube.com\\\/user\\\/CoachRelax\"]}]}<\/script>\n<!-- \/ Yoast SEO plugin. -->","yoast_head_json":{"title":"Newsletter Coach Relax","description":"Newsletter Coach Relax : recevez les nouveaux articles du blog en priorit\u00e9 et toute l'actualit\u00e9 des formations, ateliers, stages","robots":{"index":"index","follow":"follow","max-snippet":"max-snippet:-1","max-image-preview":"max-image-preview:large","max-video-preview":"max-video-preview:-1"},"canonical":"https:\/\/www.coachrelax.fr\/blog\/votre-inscription-sur-le-blog\/","og_locale":"fr_FR","og_type":"article","og_title":"Newsletter Coach Relax","og_description":"Newsletter Coach Relax : recevez les nouveaux articles du blog en priorit\u00e9 et toute l'actualit\u00e9 des formations, ateliers, stages","og_url":"https:\/\/www.coachrelax.fr\/blog\/votre-inscription-sur-le-blog\/","og_site_name":"COACH RELAX, le BLOG","article_publisher":"https:\/\/www.facebook.com\/CoachRelax.fr\/","article_modified_time":"2023-11-03T17:03:57+00:00","twitter_card":"summary_large_image","twitter_site":"@coachrelax","twitter_misc":{"Dur\u00e9e de lecture estim\u00e9e":"1 minute"},"schema":{"@context":"https:\/\/schema.org","@graph":[{"@type":"WebPage","@id":"https:\/\/www.coachrelax.fr\/blog\/votre-inscription-sur-le-blog\/","url":"https:\/\/www.coachrelax.fr\/blog\/votre-inscription-sur-le-blog\/","name":"Newsletter Coach Relax","isPartOf":{"@id":"https:\/\/www.coachrelax.fr\/blog\/#website"},"datePublished":"2012-06-20T06:57:57+00:00","dateModified":"2023-11-03T17:03:57+00:00","description":"Newsletter Coach Relax : recevez les nouveaux articles du blog en priorit\u00e9 et toute l'actualit\u00e9 des formations, ateliers, stages","breadcrumb":{"@id":"https:\/\/www.coachrelax.fr\/blog\/votre-inscription-sur-le-blog\/#breadcrumb"},"inLanguage":"fr-FR","potentialAction":[{"@type":"ReadAction","target":["https:\/\/www.coachrelax.fr\/blog\/votre-inscription-sur-le-blog\/"]}]},{"@type":"BreadcrumbList","@id":"https:\/\/www.coachrelax.fr\/blog\/votre-inscription-sur-le-blog\/#breadcrumb","itemListElement":[{"@type":"ListItem","position":1,"name":"Accueil","item":"https:\/\/www.coachrelax.fr\/blog\/"},{"@type":"ListItem","position":2,"name":"Inscription Newsletter"}]},{"@type":"WebSite","@id":"https:\/\/www.coachrelax.fr\/blog\/#website","url":"https:\/\/www.coachrelax.fr\/blog\/","name":"COACH RELAX, le BLOG","description":"","publisher":{"@id":"https:\/\/www.coachrelax.fr\/blog\/#organization"},"potentialAction":[{"@type":"SearchAction","target":{"@type":"EntryPoint","urlTemplate":"https:\/\/www.coachrelax.fr\/blog\/?s={search_term_string}"},"query-input":{"@type":"PropertyValueSpecification","valueRequired":true,"valueName":"search_term_string"}}],"inLanguage":"fr-FR"},{"@type":"Organization","@id":"https:\/\/www.coachrelax.fr\/blog\/#organization","name":"Coach Relax","url":"https:\/\/www.coachrelax.fr\/blog\/","logo":{"@type":"ImageObject","inLanguage":"fr-FR","@id":"https:\/\/www.coachrelax.fr\/blog\/#\/schema\/logo\/image\/","url":"http:\/\/www.coachrelax.fr\/blog\/wp-content\/uploads\/2016\/03\/cropped-Logo-bleu-clair-reduit.jpg","contentUrl":"http:\/\/www.coachrelax.fr\/blog\/wp-content\/uploads\/2016\/03\/cropped-Logo-bleu-clair-reduit.jpg","width":512,"height":512,"caption":"Coach Relax"},"image":{"@id":"https:\/\/www.coachrelax.fr\/blog\/#\/schema\/logo\/image\/"},"sameAs":["https:\/\/www.facebook.com\/CoachRelax.fr\/","https:\/\/x.com\/coachrelax","http:\/\/www.linkedin.com\/in\/coachrelax","http:\/\/www.pinterest.com\/coachrelax","http:\/\/www.youtube.com\/user\/CoachRelax"]}]}},"_links":{"self":[{"href":"https:\/\/www.coachrelax.fr\/blog\/wp-json\/wp\/v2\/pages\/102","targetHints":{"allow":["GET"]}}],"collection":[{"href":"https:\/\/www.coachrelax.fr\/blog\/wp-json\/wp\/v2\/pages"}],"about":[{"href":"https:\/\/www.coachrelax.fr\/blog\/wp-json\/wp\/v2\/types\/page"}],"author":[{"embeddable":true,"href":"https:\/\/www.coachrelax.fr\/blog\/wp-json\/wp\/v2\/users\/1"}],"replies":[{"embeddable":true,"href":"https:\/\/www.coachrelax.fr\/blog\/wp-json\/wp\/v2\/comments?post=102"}],"version-history":[{"count":6,"href":"https:\/\/www.coachrelax.fr\/blog\/wp-json\/wp\/v2\/pages\/102\/revisions"}],"predecessor-version":[{"id":4303,"href":"https:\/\/www.coachrelax.fr\/blog\/wp-json\/wp\/v2\/pages\/102\/revisions\/4303"}],"wp:attachment":[{"href":"https:\/\/www.coachrelax.fr\/blog\/wp-json\/wp\/v2\/media?parent=102"}],"curies":[{"name":"wp","href":"https:\/\/api.w.org\/{rel}","templated":true}]}}